{"id":1034,"date":"2025-07-08T14:50:43","date_gmt":"2025-07-08T14:50:43","guid":{"rendered":"https:\/\/lblaudit.com\/avis-legal\/"},"modified":"2025-07-09T11:29:34","modified_gmt":"2025-07-09T11:29:34","slug":"avis-legal","status":"publish","type":"page","link":"https:\/\/lblaudit.com\/ca\/avis-legal\/","title":{"rendered":"Av\u00eds Legal"},"content":{"rendered":"\t\t<div data-elementor-type=\"wp-page\" data-elementor-id=\"1034\" class=\"elementor elementor-1034 elementor-825\" data-elementor-post-type=\"page\">\n\t\t\t\t<div class=\"elementor-element elementor-element-ced5a6e e-flex e-con-boxed e-con e-parent\" data-id=\"ced5a6e\" data-element_type=\"container\" data-e-type=\"container\" data-settings=\"{&quot;background_background&quot;:&quot;classic&quot;}\">\n\t\t\t\t\t<div class=\"e-con-inner\">\n\t\t\t\t<div class=\"elementor-element elementor-element-b08e272 elementor-widget elementor-widget-heading\" data-id=\"b08e272\" data-element_type=\"widget\" data-e-type=\"widget\" data-widget_type=\"heading.default\">\n\t\t\t\t<div class=\"elementor-widget-container\">\n\t\t\t\t\t<h2 class=\"elementor-heading-title elementor-size-default\">AV\u00cdS LEGAL<\/h2>\t\t\t\t<\/div>\n\t\t\t\t<\/div>\n\t\t\t\t<div class=\"elementor-element elementor-element-14a4e4c elementor-widget elementor-widget-heading\" data-id=\"14a4e4c\" data-element_type=\"widget\" data-e-type=\"widget\" data-widget_type=\"heading.default\">\n\t\t\t\t<div class=\"elementor-widget-container\">\n\t\t\t\t\t<h2 class=\"elementor-heading-title elementor-size-default\">Introducci\u00f3<\/h2>\t\t\t\t<\/div>\n\t\t\t\t<\/div>\n\t\t\t\t<div class=\"elementor-element elementor-element-622aed6 elementor-widget elementor-widget-text-editor\" data-id=\"622aed6\" data-element_type=\"widget\" data-e-type=\"widget\" data-widget_type=\"text-editor.default\">\n\t\t\t\t<div class=\"elementor-widget-container\">\n\t\t\t\t\t\t\t\t\t<p>En compliment de la Llei 34\/2002, de 11 de juliol, de Serveis de la Societat de la Informaci\u00f3 i del Comer\u00e7 Electr\u00f2nic (LSSI-CE), s&#8217;informa el seg\u00fcent:<\/p>\t\t\t\t\t\t\t\t<\/div>\n\t\t\t\t<\/div>\n\t\t\t\t<div class=\"elementor-element elementor-element-9bcbdad elementor-widget elementor-widget-heading\" data-id=\"9bcbdad\" data-element_type=\"widget\" data-e-type=\"widget\" data-widget_type=\"heading.default\">\n\t\t\t\t<div class=\"elementor-widget-container\">\n\t\t\t\t\t<h2 class=\"elementor-heading-title elementor-size-default\">Titular de la Web<\/h2>\t\t\t\t<\/div>\n\t\t\t\t<\/div>\n\t\t\t\t<div class=\"elementor-element elementor-element-d360aea enlaces elementor-widget elementor-widget-text-editor\" data-id=\"d360aea\" data-element_type=\"widget\" data-e-type=\"widget\" data-widget_type=\"text-editor.default\">\n\t\t\t\t<div class=\"elementor-widget-container\">\n\t\t\t\t\t\t\t\t\t<ul><li>Denominaci\u00f3 social: LBL AUDIT, SLP<\/li><li>Domicili social: Av. Josep Tarradellas, 123, Pis 5 Pta. B, 08029, Barcelona  <\/li><li>CIF: B67659573<\/li><li>Tel\u00e8fon de contacte: 932 182 300<\/li><li>E-mail de contacte: <a href=\"mailto:dverges@lblpartners.es\">dverges@lblpartners.es<\/a><\/li><\/ul>\t\t\t\t\t\t\t\t<\/div>\n\t\t\t\t<\/div>\n\t\t\t\t<div class=\"elementor-element elementor-element-c269ba2 elementor-widget elementor-widget-heading\" data-id=\"c269ba2\" data-element_type=\"widget\" data-e-type=\"widget\" data-widget_type=\"heading.default\">\n\t\t\t\t<div class=\"elementor-widget-container\">\n\t\t\t\t\t<h2 class=\"elementor-heading-title elementor-size-default\">Objecte del lloc web<\/h2>\t\t\t\t<\/div>\n\t\t\t\t<\/div>\n\t\t\t\t<div class=\"elementor-element elementor-element-9a47278 elementor-widget elementor-widget-text-editor\" data-id=\"9a47278\" data-element_type=\"widget\" data-e-type=\"widget\" data-widget_type=\"text-editor.default\">\n\t\t\t\t<div class=\"elementor-widget-container\">\n\t\t\t\t\t\t\t\t\t<p>Aquest lloc web t\u00e9 com a objectiu oferir informaci\u00f3 sobre el Club Handbol Platja Granolleres, mantenir els usuaris informats amb les not\u00edcies i facilitar el contacte i les inscripcions al Club.<\/p>\t\t\t\t\t\t\t\t<\/div>\n\t\t\t\t<\/div>\n\t\t\t\t<div class=\"elementor-element elementor-element-3564937 elementor-widget elementor-widget-heading\" data-id=\"3564937\" data-element_type=\"widget\" data-e-type=\"widget\" data-widget_type=\"heading.default\">\n\t\t\t\t<div class=\"elementor-widget-container\">\n\t\t\t\t\t<h2 class=\"elementor-heading-title elementor-size-default\">Propietat intel\u00b7lectual i industrial:<\/h2>\t\t\t\t<\/div>\n\t\t\t\t<\/div>\n\t\t\t\t<div class=\"elementor-element elementor-element-6296b7b elementor-widget elementor-widget-text-editor\" data-id=\"6296b7b\" data-element_type=\"widget\" data-e-type=\"widget\" data-widget_type=\"text-editor.default\">\n\t\t\t\t<div class=\"elementor-widget-container\">\n\t\t\t\t\t\t\t\t\t<p>Tots els continguts d\u201faquest lloc web (textos, imatges, logotips, disseny, estructura, etc.) estan protegits per la normativa de propietat intel\u00b7lectual. Est\u00e0 prohibida la reproducci\u00f3 total o parcial sense autoritzaci\u00f3 expressa. <\/p>\t\t\t\t\t\t\t\t<\/div>\n\t\t\t\t<\/div>\n\t\t\t\t<div class=\"elementor-element elementor-element-0bd9ede elementor-widget elementor-widget-heading\" data-id=\"0bd9ede\" data-element_type=\"widget\" data-e-type=\"widget\" data-widget_type=\"heading.default\">\n\t\t\t\t<div class=\"elementor-widget-container\">\n\t\t\t\t\t<h2 class=\"elementor-heading-title elementor-size-default\">Responsabilitat:<\/h2>\t\t\t\t<\/div>\n\t\t\t\t<\/div>\n\t\t\t\t<div class=\"elementor-element elementor-element-212819a enlaces elementor-widget elementor-widget-text-editor\" data-id=\"212819a\" data-element_type=\"widget\" data-e-type=\"widget\" data-widget_type=\"text-editor.default\">\n\t\t\t\t<div class=\"elementor-widget-container\">\n\t\t\t\t\t\t\t\t\t<p>Continguts<\/p><p>El Titular de la web no es fan responsables dels errors o omissions de la informaci\u00f3 o continguts facilitats a trav\u00e9s del Portal ni de l&#8217;aplicaci\u00f3 o \u00fas concret que se&#8217;n pogu\u00e9s fer. L&#8217;acc\u00e9s al Portal no implica l&#8217;obligaci\u00f3 del titular ni del personal de comprovar la veracitat, exactitud, idone\u00eftat, adequaci\u00f3, exhaustivitat i actualitat de la informaci\u00f3 i continguts.<br> Els continguts de la web no suposen de cap manera la prestaci\u00f3 de cap servei legal. L&#8217;Usuari \u00e9s l&#8217;\u00fanic responsable davant de qualsevol reclamaci\u00f3 o acci\u00f3 legal, judicial o extrajudicial, iniciada per tercers contra el Titular que tingui l&#8217;origen en la utilitzaci\u00f3 de la web per l&#8217;Usuari.<br> Si \u00e9s el cas, l&#8217;Usuari assumir\u00e0 les despeses, costos i indemnitzacions originades amb motiu d&#8217;aquestes reclamacions o accions legals.  <\/p><p>Funcionament<\/p><p>El Titular no es fa responsable per les interfer\u00e8ncies, omissions, interrupcions, virus inform\u00e0tics o altres elements que puguin produir alteracions en els sistemes de l&#8217;Usuari o en els seus documents o arxius motivats per causes alienes a la web. danys causats per terceres persones mitjan\u00e7ant intromissions il\u00b7legitimes. El Titular es reserva el dret de suspendre l&#8217;acc\u00e9s al Portal amb motiu d&#8217;operacions de manteniment, reparaci\u00f3 i\/o millora.  <\/p><p>Enlla\u00e7os<\/p><p>El Titular no es fa responsable dels continguts i serveis d&#8217;aquelles p\u00e0gines web que puguin estar enlla\u00e7ades al Portal m\u00e9s enll\u00e0 de la responsabilitat assignada per la Llei 34\/2002, de 12 de juliol, de Serveis de la Societat de la Informaci\u00f3 i el Comer\u00e7 Electr\u00f2nic, en la mesura que pogu\u00e9s tenir coneixement efectiu de la il\u00b7licitud dels continguts i serveis subministrats amb el web. Si voleu posar en el nostre coneixement l&#8217;exist\u00e8ncia d&#8217;un enlla\u00e7 cap a un lloc web amb continguts que considereu inadequats o il\u00b7l\u00edcits podeu posar-vos en contacte amb nosaltres a <a href=\"mailto:dverges@lblpartners.es\">dverges@lblpartners.es<\/a> . <\/p>\t\t\t\t\t\t\t\t<\/div>\n\t\t\t\t<\/div>\n\t\t\t\t<div class=\"elementor-element elementor-element-0a5a16c elementor-widget elementor-widget-heading\" data-id=\"0a5a16c\" data-element_type=\"widget\" data-e-type=\"widget\" data-widget_type=\"heading.default\">\n\t\t\t\t<div class=\"elementor-widget-container\">\n\t\t\t\t\t<h2 class=\"elementor-heading-title elementor-size-default\">Legislaci\u00f3 aplicable i jurisdicci\u00f3:<\/h2>\t\t\t\t<\/div>\n\t\t\t\t<\/div>\n\t\t\t\t<div class=\"elementor-element elementor-element-33deedf elementor-widget elementor-widget-text-editor\" data-id=\"33deedf\" data-element_type=\"widget\" data-e-type=\"widget\" data-widget_type=\"text-editor.default\">\n\t\t\t\t<div class=\"elementor-widget-container\">\n\t\t\t\t\t\t\t\t\t<p>Aquest av\u00eds legal es regeix per la legislaci\u00f3 espanyola. Per a la resoluci\u00f3 de qualsevol conflicte derivat de l&#8217;acc\u00e9s al lloc web, l&#8217;usuari se sotmet als tribunals de [Localitat del titular], renunciant a qualsevol altre fur que li pugui correspondre. <\/p>\t\t\t\t\t\t\t\t<\/div>\n\t\t\t\t<\/div>\n\t\t\t\t<div class=\"elementor-element elementor-element-9deb2e1 elementor-widget elementor-widget-heading\" data-id=\"9deb2e1\" data-element_type=\"widget\" data-e-type=\"widget\" data-widget_type=\"heading.default\">\n\t\t\t\t<div class=\"elementor-widget-container\">\n\t\t\t\t\t<h2 class=\"elementor-heading-title elementor-size-default\">Protecci\u00f3 de dades<\/h2>\t\t\t\t<\/div>\n\t\t\t\t<\/div>\n\t\t\t\t<div class=\"elementor-element elementor-element-1af863f enlaces elementor-widget elementor-widget-text-editor\" data-id=\"1af863f\" data-element_type=\"widget\" data-e-type=\"widget\" data-widget_type=\"text-editor.default\">\n\t\t\t\t<div class=\"elementor-widget-container\">\n\t\t\t\t\t\t\t\t\t<p>Podeu accedir a la informaci\u00f3 detallada respecte al tractament de les dades personals que el Titular duu a terme dels Usuaris visitant la nostra <a href=\"https:\/\/lblaudit.com\/privacidad\/\">Pol\u00edtica de Privadesa<\/a> .<\/p>\t\t\t\t\t\t\t\t<\/div>\n\t\t\t\t<\/div>\n\t\t\t\t\t<\/div>\n\t\t\t\t<\/div>\n\t\t\t\t<\/div>\n\t\t","protected":false},"excerpt":{"rendered":"<p>AV\u00cdS LEGAL Introducci\u00f3 En compliment de la Llei 34\/2002, de 11 de juliol, de Serveis de la Societat de la Informaci\u00f3 i del Comer\u00e7 Electr\u00f2nic (LSSI-CE), s&#8217;informa el seg\u00fcent: Titular de la Web Denominaci\u00f3 social: LBL AUDIT, SLP Domicili social: Av. Josep Tarradellas, 123, Pis 5 Pta. B, 08029, Barcelona CIF: B67659573 Tel\u00e8fon de contacte: [&hellip;]<\/p>\n","protected":false},"author":1,"featured_media":0,"parent":0,"menu_order":0,"comment_status":"open","ping_status":"closed","template":"elementor_header_footer","meta":{"footnotes":""},"class_list":["post-1034","page","type-page","status-publish","hentry"],"yoast_head":"<!-- This site is optimized with the Yoast SEO plugin v27.0 - https:\/\/yoast.com\/product\/yoast-seo-wordpress\/ -->\n<title>Av\u00eds Legal - LBL Audit<\/title>\n<meta name=\"robots\" content=\"index, follow, max-snippet:-1, max-image-preview:large, max-video-preview:-1\" \/>\n<link rel=\"canonical\" href=\"https:\/\/lblaudit.com\/ca\/avis-legal\/\" \/>\n<meta property=\"og:locale\" content=\"ca_ES\" \/>\n<meta property=\"og:type\" content=\"article\" \/>\n<meta property=\"og:title\" content=\"Av\u00eds Legal - LBL Audit\" \/>\n<meta property=\"og:description\" content=\"AV\u00cdS LEGAL Introducci\u00f3 En compliment de la Llei 34\/2002, de 11 de juliol, de Serveis de la Societat de la Informaci\u00f3 i del Comer\u00e7 Electr\u00f2nic (LSSI-CE), s&#8217;informa el seg\u00fcent: Titular de la Web Denominaci\u00f3 social: LBL AUDIT, SLP Domicili social: Av. Josep Tarradellas, 123, Pis 5 Pta. B, 08029, Barcelona CIF: B67659573 Tel\u00e8fon de contacte: [&hellip;]\" \/>\n<meta property=\"og:url\" content=\"https:\/\/lblaudit.com\/ca\/avis-legal\/\" \/>\n<meta property=\"og:site_name\" content=\"LBL Audit\" \/>\n<meta property=\"article:modified_time\" content=\"2025-07-09T11:29:34+00:00\" \/>\n<meta name=\"twitter:card\" content=\"summary_large_image\" \/>\n<meta name=\"twitter:label1\" content=\"Temps estimat de lectura\" \/>\n\t<meta name=\"twitter:data1\" content=\"3 minuts\" \/>\n<script type=\"application\/ld+json\" class=\"yoast-schema-graph\">{\"@context\":\"https:\/\/schema.org\",\"@graph\":[{\"@type\":\"WebPage\",\"@id\":\"https:\/\/lblaudit.com\/ca\/avis-legal\/\",\"url\":\"https:\/\/lblaudit.com\/ca\/avis-legal\/\",\"name\":\"Av\u00eds Legal - LBL Audit\",\"isPartOf\":{\"@id\":\"https:\/\/lblaudit.com\/ca\/#website\"},\"datePublished\":\"2025-07-08T14:50:43+00:00\",\"dateModified\":\"2025-07-09T11:29:34+00:00\",\"breadcrumb\":{\"@id\":\"https:\/\/lblaudit.com\/ca\/avis-legal\/#breadcrumb\"},\"inLanguage\":\"ca\",\"potentialAction\":[{\"@type\":\"ReadAction\",\"target\":[\"https:\/\/lblaudit.com\/ca\/avis-legal\/\"]}]},{\"@type\":\"BreadcrumbList\",\"@id\":\"https:\/\/lblaudit.com\/ca\/avis-legal\/#breadcrumb\",\"itemListElement\":[{\"@type\":\"ListItem\",\"position\":1,\"name\":\"Portada\",\"item\":\"https:\/\/lblaudit.com\/ca\/inici\/\"},{\"@type\":\"ListItem\",\"position\":2,\"name\":\"Av\u00eds Legal\"}]},{\"@type\":\"WebSite\",\"@id\":\"https:\/\/lblaudit.com\/ca\/#website\",\"url\":\"https:\/\/lblaudit.com\/ca\/\",\"name\":\"LBL Audit\",\"description\":\"\",\"publisher\":{\"@id\":\"https:\/\/lblaudit.com\/ca\/#organization\"},\"potentialAction\":[{\"@type\":\"SearchAction\",\"target\":{\"@type\":\"EntryPoint\",\"urlTemplate\":\"https:\/\/lblaudit.com\/ca\/?s={search_term_string}\"},\"query-input\":{\"@type\":\"PropertyValueSpecification\",\"valueRequired\":true,\"valueName\":\"search_term_string\"}}],\"inLanguage\":\"ca\"},{\"@type\":\"Organization\",\"@id\":\"https:\/\/lblaudit.com\/ca\/#organization\",\"name\":\"LBL Audit\",\"url\":\"https:\/\/lblaudit.com\/ca\/\",\"logo\":{\"@type\":\"ImageObject\",\"inLanguage\":\"ca\",\"@id\":\"https:\/\/lblaudit.com\/ca\/#\/schema\/logo\/image\/\",\"url\":\"https:\/\/lblaudit.com\/wp-content\/uploads\/2025\/10\/cropped-LOGO-AUDIT_2024_DEFINITIU-e1760424892231.webp\",\"contentUrl\":\"https:\/\/lblaudit.com\/wp-content\/uploads\/2025\/10\/cropped-LOGO-AUDIT_2024_DEFINITIU-e1760424892231.webp\",\"width\":436,\"height\":386,\"caption\":\"LBL Audit\"},\"image\":{\"@id\":\"https:\/\/lblaudit.com\/ca\/#\/schema\/logo\/image\/\"}}]}<\/script>\n<!-- \/ Yoast SEO plugin. -->","yoast_head_json":{"title":"Av\u00eds Legal - LBL Audit","robots":{"index":"index","follow":"follow","max-snippet":"max-snippet:-1","max-image-preview":"max-image-preview:large","max-video-preview":"max-video-preview:-1"},"canonical":"https:\/\/lblaudit.com\/ca\/avis-legal\/","og_locale":"ca_ES","og_type":"article","og_title":"Av\u00eds Legal - LBL Audit","og_description":"AV\u00cdS LEGAL Introducci\u00f3 En compliment de la Llei 34\/2002, de 11 de juliol, de Serveis de la Societat de la Informaci\u00f3 i del Comer\u00e7 Electr\u00f2nic (LSSI-CE), s&#8217;informa el seg\u00fcent: Titular de la Web Denominaci\u00f3 social: LBL AUDIT, SLP Domicili social: Av. Josep Tarradellas, 123, Pis 5 Pta. B, 08029, Barcelona CIF: B67659573 Tel\u00e8fon de contacte: [&hellip;]","og_url":"https:\/\/lblaudit.com\/ca\/avis-legal\/","og_site_name":"LBL Audit","article_modified_time":"2025-07-09T11:29:34+00:00","twitter_card":"summary_large_image","twitter_misc":{"Temps estimat de lectura":"3 minuts"},"schema":{"@context":"https:\/\/schema.org","@graph":[{"@type":"WebPage","@id":"https:\/\/lblaudit.com\/ca\/avis-legal\/","url":"https:\/\/lblaudit.com\/ca\/avis-legal\/","name":"Av\u00eds Legal - LBL Audit","isPartOf":{"@id":"https:\/\/lblaudit.com\/ca\/#website"},"datePublished":"2025-07-08T14:50:43+00:00","dateModified":"2025-07-09T11:29:34+00:00","breadcrumb":{"@id":"https:\/\/lblaudit.com\/ca\/avis-legal\/#breadcrumb"},"inLanguage":"ca","potentialAction":[{"@type":"ReadAction","target":["https:\/\/lblaudit.com\/ca\/avis-legal\/"]}]},{"@type":"BreadcrumbList","@id":"https:\/\/lblaudit.com\/ca\/avis-legal\/#breadcrumb","itemListElement":[{"@type":"ListItem","position":1,"name":"Portada","item":"https:\/\/lblaudit.com\/ca\/inici\/"},{"@type":"ListItem","position":2,"name":"Av\u00eds Legal"}]},{"@type":"WebSite","@id":"https:\/\/lblaudit.com\/ca\/#website","url":"https:\/\/lblaudit.com\/ca\/","name":"LBL Audit","description":"","publisher":{"@id":"https:\/\/lblaudit.com\/ca\/#organization"},"potentialAction":[{"@type":"SearchAction","target":{"@type":"EntryPoint","urlTemplate":"https:\/\/lblaudit.com\/ca\/?s={search_term_string}"},"query-input":{"@type":"PropertyValueSpecification","valueRequired":true,"valueName":"search_term_string"}}],"inLanguage":"ca"},{"@type":"Organization","@id":"https:\/\/lblaudit.com\/ca\/#organization","name":"LBL Audit","url":"https:\/\/lblaudit.com\/ca\/","logo":{"@type":"ImageObject","inLanguage":"ca","@id":"https:\/\/lblaudit.com\/ca\/#\/schema\/logo\/image\/","url":"https:\/\/lblaudit.com\/wp-content\/uploads\/2025\/10\/cropped-LOGO-AUDIT_2024_DEFINITIU-e1760424892231.webp","contentUrl":"https:\/\/lblaudit.com\/wp-content\/uploads\/2025\/10\/cropped-LOGO-AUDIT_2024_DEFINITIU-e1760424892231.webp","width":436,"height":386,"caption":"LBL Audit"},"image":{"@id":"https:\/\/lblaudit.com\/ca\/#\/schema\/logo\/image\/"}}]}},"_links":{"self":[{"href":"https:\/\/lblaudit.com\/ca\/wp-json\/wp\/v2\/pages\/1034","targetHints":{"allow":["GET"]}}],"collection":[{"href":"https:\/\/lblaudit.com\/ca\/wp-json\/wp\/v2\/pages"}],"about":[{"href":"https:\/\/lblaudit.com\/ca\/wp-json\/wp\/v2\/types\/page"}],"author":[{"embeddable":true,"href":"https:\/\/lblaudit.com\/ca\/wp-json\/wp\/v2\/users\/1"}],"replies":[{"embeddable":true,"href":"https:\/\/lblaudit.com\/ca\/wp-json\/wp\/v2\/comments?post=1034"}],"version-history":[{"count":1,"href":"https:\/\/lblaudit.com\/ca\/wp-json\/wp\/v2\/pages\/1034\/revisions"}],"predecessor-version":[{"id":1035,"href":"https:\/\/lblaudit.com\/ca\/wp-json\/wp\/v2\/pages\/1034\/revisions\/1035"}],"wp:attachment":[{"href":"https:\/\/lblaudit.com\/ca\/wp-json\/wp\/v2\/media?parent=1034"}],"curies":[{"name":"wp","href":"https:\/\/api.w.org\/{rel}","templated":true}]}}