{"id":1036,"date":"2025-07-08T14:50:15","date_gmt":"2025-07-08T14:50:15","guid":{"rendered":"https:\/\/lblaudit.com\/politica-de-cookies\/"},"modified":"2025-07-09T11:29:56","modified_gmt":"2025-07-09T11:29:56","slug":"politica-de-cookies","status":"publish","type":"page","link":"https:\/\/lblaudit.com\/ca\/politica-de-cookies\/","title":{"rendered":"Pol\u00edtica de Cookies"},"content":{"rendered":"\t\t<div data-elementor-type=\"wp-page\" data-elementor-id=\"1036\" class=\"elementor elementor-1036 elementor-821\" data-elementor-post-type=\"page\">\n\t\t\t\t<div class=\"elementor-element elementor-element-ced5a6e e-flex e-con-boxed e-con e-parent\" data-id=\"ced5a6e\" data-element_type=\"container\" data-e-type=\"container\" data-settings=\"{&quot;background_background&quot;:&quot;classic&quot;}\">\n\t\t\t\t\t<div class=\"e-con-inner\">\n\t\t\t\t<div class=\"elementor-element elementor-element-b08e272 elementor-widget elementor-widget-heading\" data-id=\"b08e272\" data-element_type=\"widget\" data-e-type=\"widget\" data-widget_type=\"heading.default\">\n\t\t\t\t<div class=\"elementor-widget-container\">\n\t\t\t\t\t<h2 class=\"elementor-heading-title elementor-size-default\">POL\u00cdTICA DE COOKIES<\/h2>\t\t\t\t<\/div>\n\t\t\t\t<\/div>\n\t\t\t\t<div class=\"elementor-element elementor-element-14a4e4c elementor-widget elementor-widget-heading\" data-id=\"14a4e4c\" data-element_type=\"widget\" data-e-type=\"widget\" data-widget_type=\"heading.default\">\n\t\t\t\t<div class=\"elementor-widget-container\">\n\t\t\t\t\t<h2 class=\"elementor-heading-title elementor-size-default\">Introducci\u00f3<\/h2>\t\t\t\t<\/div>\n\t\t\t\t<\/div>\n\t\t\t\t<div class=\"elementor-element elementor-element-622aed6 elementor-widget elementor-widget-text-editor\" data-id=\"622aed6\" data-element_type=\"widget\" data-e-type=\"widget\" data-widget_type=\"text-editor.default\">\n\t\t\t\t<div class=\"elementor-widget-container\">\n\t\t\t\t\t\t\t\t\t<p>Aquest lloc web utilitza cookies pr\u00f2pies i de tercers per a finalitats t\u00e8cniques, estad\u00edstiques i publicit\u00e0ries, d&#8217;acord amb la normativa vigent.<\/p>\t\t\t\t\t\t\t\t<\/div>\n\t\t\t\t<\/div>\n\t\t\t\t<div class=\"elementor-element elementor-element-9bcbdad elementor-widget elementor-widget-heading\" data-id=\"9bcbdad\" data-element_type=\"widget\" data-e-type=\"widget\" data-widget_type=\"heading.default\">\n\t\t\t\t<div class=\"elementor-widget-container\">\n\t\t\t\t\t<h2 class=\"elementor-heading-title elementor-size-default\">Qu\u00e8 s\u00f3n les galetes?<\/h2>\t\t\t\t<\/div>\n\t\t\t\t<\/div>\n\t\t\t\t<div class=\"elementor-element elementor-element-d360aea enlaces elementor-widget elementor-widget-text-editor\" data-id=\"d360aea\" data-element_type=\"widget\" data-e-type=\"widget\" data-widget_type=\"text-editor.default\">\n\t\t\t\t<div class=\"elementor-widget-container\">\n\t\t\t\t\t\t\t\t\t<p>Les cookies s\u00f3n petits arxius de text que s&#8217;emmagatzemen al dispositiu quan visites una p\u00e0gina web. Serveixen per recordar les vostres prefer\u00e8ncies i millorar la vostra experi\u00e8ncia de navegaci\u00f3. <\/p>\t\t\t\t\t\t\t\t<\/div>\n\t\t\t\t<\/div>\n\t\t\t\t<div class=\"elementor-element elementor-element-c269ba2 elementor-widget elementor-widget-heading\" data-id=\"c269ba2\" data-element_type=\"widget\" data-e-type=\"widget\" data-widget_type=\"heading.default\">\n\t\t\t\t<div class=\"elementor-widget-container\">\n\t\t\t\t\t<h2 class=\"elementor-heading-title elementor-size-default\">Tipus de galetes segons la finalitat<\/h2>\t\t\t\t<\/div>\n\t\t\t\t<\/div>\n\t\t\t\t<div class=\"elementor-element elementor-element-9a47278 elementor-widget elementor-widget-text-editor\" data-id=\"9a47278\" data-element_type=\"widget\" data-e-type=\"widget\" data-widget_type=\"text-editor.default\">\n\t\t\t\t<div class=\"elementor-widget-container\">\n\t\t\t\t\t\t\t\t\t<ul><li data-start=\"1961\" data-end=\"2038\"><p data-start=\"1963\" data-end=\"2038\">Galetes t\u00e8cniques: imprescindibles per al funcionament del lloc web.<\/p><\/li><li data-start=\"2039\" data-end=\"2137\"><p data-start=\"2041\" data-end=\"2137\">Galetes de personalitzaci\u00f3: s\u00f3n aquelles que permeten recordar informaci\u00f3 perqu\u00e8 l&#8217;usuari accedeixi al servei amb determinades caracter\u00edstiques que poden diferenciar la seva experi\u00e8ncia de la d&#8217;altres usuaris, com ara l&#8217;idioma, el nombre de resultats a mostrar en fer una cerca, etc.<\/p><\/li><li data-start=\"2039\" data-end=\"2137\"><p data-start=\"2041\" data-end=\"2137\">Cookies d&#8217;An\u00e0lisi: Recullen informaci\u00f3 de l&#8217;\u00fas que es fa de la web per part dels visitants.<\/p><\/li><li data-start=\"2039\" data-end=\"2137\">Galetes Publicit\u00e0ries: Recull informaci\u00f3 sobre les prefer\u00e8ncies i eleccions personals dels usuaris, basades en altres p\u00e0gines visitades pr\u00e8viament i poder analitzar l&#8217;efectivitat de les capanyes.<\/li><\/ul>\t\t\t\t\t\t\t\t<\/div>\n\t\t\t\t<\/div>\n\t\t\t\t<div class=\"elementor-element elementor-element-3564937 elementor-widget elementor-widget-heading\" data-id=\"3564937\" data-element_type=\"widget\" data-e-type=\"widget\" data-widget_type=\"heading.default\">\n\t\t\t\t<div class=\"elementor-widget-container\">\n\t\t\t\t\t<h2 class=\"elementor-heading-title elementor-size-default\">Tipus de galetes segons la propietat<\/h2>\t\t\t\t<\/div>\n\t\t\t\t<\/div>\n\t\t\t\t<div class=\"elementor-element elementor-element-6296b7b elementor-widget elementor-widget-text-editor\" data-id=\"6296b7b\" data-element_type=\"widget\" data-e-type=\"widget\" data-widget_type=\"text-editor.default\">\n\t\t\t\t<div class=\"elementor-widget-container\">\n\t\t\t\t\t\t\t\t\t<ul><li>Pr\u00f2pies: s\u00f3n aquelles de qu\u00e8 \u00e9s responsable el mateix editor i que, generalment, s&#8217;envien a l&#8217;equip terminal de l&#8217;usuari des d&#8217;un equip o domini gestionat pel mateix editor i des del qual es presta el servei sol\u00b7licitat per l&#8217;usuari.<br><br><\/li><li>De Tercers: s\u00f3n aquelles de les quals \u00e9s responsable una entitat diferent de l&#8217;editor i que, generalment, s&#8217;envien a l&#8217;equip terminal de l&#8217;usuari des d&#8217;un equip o domini que no \u00e9s gestionat per l&#8217;editor, sin\u00f3 per una altra entitat que tracta les dades obtingudes a trav\u00e9s de les galetes.<\/li><\/ul>\t\t\t\t\t\t\t\t<\/div>\n\t\t\t\t<\/div>\n\t\t\t\t<div class=\"elementor-element elementor-element-0bd9ede elementor-widget elementor-widget-heading\" data-id=\"0bd9ede\" data-element_type=\"widget\" data-e-type=\"widget\" data-widget_type=\"heading.default\">\n\t\t\t\t<div class=\"elementor-widget-container\">\n\t\t\t\t\t<h2 class=\"elementor-heading-title elementor-size-default\">Cookies usades a la web:<\/h2>\t\t\t\t<\/div>\n\t\t\t\t<\/div>\n\t\t\t\t<div class=\"elementor-element elementor-element-212819a elementor-widget elementor-widget-text-editor\" data-id=\"212819a\" data-element_type=\"widget\" data-e-type=\"widget\" data-widget_type=\"text-editor.default\">\n\t\t\t\t<div class=\"elementor-widget-container\">\n\t\t\t\t\t\t\t\t\t<p>Les cookies que s&#8217;usen en aquesta web estan especificades amb descripci\u00f3, \u00fas i temps de durada al banner de cookies proporcionat per CookieYes. Per accedir-hi cal pr\u00e9mer la icona de Cookies visible a la cantonada inferior esquerra del web. <\/p>\t\t\t\t\t\t\t\t<\/div>\n\t\t\t\t<\/div>\n\t\t\t\t<div class=\"elementor-element elementor-element-0a5a16c elementor-widget elementor-widget-heading\" data-id=\"0a5a16c\" data-element_type=\"widget\" data-e-type=\"widget\" data-widget_type=\"heading.default\">\n\t\t\t\t<div class=\"elementor-widget-container\">\n\t\t\t\t\t<h2 class=\"elementor-heading-title elementor-size-default\">Gesti\u00f3 de cookies:<\/h2>\t\t\t\t<\/div>\n\t\t\t\t<\/div>\n\t\t\t\t<div class=\"elementor-element elementor-element-33deedf elementor-widget elementor-widget-text-editor\" data-id=\"33deedf\" data-element_type=\"widget\" data-e-type=\"widget\" data-widget_type=\"text-editor.default\">\n\t\t\t\t<div class=\"elementor-widget-container\">\n\t\t\t\t\t\t\t\t\t<p>Pots acceptar, rebutjar o configurar l&#8217;\u00fas de galetes a trav\u00e9s del banner de galetes que apareix en entrar al nostre web. Tamb\u00e9 podeu configurar el vostre navegador per bloquejar-les o eliminar-les en qualsevol moment. <\/p>\t\t\t\t\t\t\t\t<\/div>\n\t\t\t\t<\/div>\n\t\t\t\t<div class=\"elementor-element elementor-element-9deb2e1 elementor-widget elementor-widget-heading\" data-id=\"9deb2e1\" data-element_type=\"widget\" data-e-type=\"widget\" data-widget_type=\"heading.default\">\n\t\t\t\t<div class=\"elementor-widget-container\">\n\t\t\t\t\t<h2 class=\"elementor-heading-title elementor-size-default\">Configuraci\u00f3 de galetes als navegadors m\u00e9s comuns:<\/h2>\t\t\t\t<\/div>\n\t\t\t\t<\/div>\n\t\t\t\t<div class=\"elementor-element elementor-element-1af863f enlaces elementor-widget elementor-widget-text-editor\" data-id=\"1af863f\" data-element_type=\"widget\" data-e-type=\"widget\" data-widget_type=\"text-editor.default\">\n\t\t\t\t<div class=\"elementor-widget-container\">\n\t\t\t\t\t\t\t\t\t<ul><li data-start=\"2552\" data-end=\"2610\"><p data-start=\"2554\" data-end=\"2610\">Chrome: Configuraci\u00f3 \u2013 Privadesa i seguretat \u2013 Cookies<\/p><\/li><li data-start=\"2611\" data-end=\"2669\"><p data-start=\"2613\" data-end=\"2669\">Firefox: Prefer\u00e8ncies \u2013 Privadesa i seguretat \u2013 Cookies<\/p><\/li><li data-start=\"2670\" data-end=\"2705\"><p data-start=\"2672\" data-end=\"2705\">Safari: Prefer\u00e8ncies \u2013 Privadesa<\/p><\/li><\/ul>\t\t\t\t\t\t\t\t<\/div>\n\t\t\t\t<\/div>\n\t\t\t\t\t<\/div>\n\t\t\t\t<\/div>\n\t\t\t\t<\/div>\n\t\t","protected":false},"excerpt":{"rendered":"<p>POL\u00cdTICA DE COOKIES Introducci\u00f3 Aquest lloc web utilitza cookies pr\u00f2pies i de tercers per a finalitats t\u00e8cniques, estad\u00edstiques i publicit\u00e0ries, d&#8217;acord amb la normativa vigent. Qu\u00e8 s\u00f3n les galetes? Les cookies s\u00f3n petits arxius de text que s&#8217;emmagatzemen al dispositiu quan visites una p\u00e0gina web. Serveixen per recordar les vostres prefer\u00e8ncies i millorar la vostra [&hellip;]<\/p>\n","protected":false},"author":1,"featured_media":0,"parent":0,"menu_order":0,"comment_status":"open","ping_status":"closed","template":"elementor_header_footer","meta":{"footnotes":""},"class_list":["post-1036","page","type-page","status-publish","hentry"],"yoast_head":"<!-- This site is optimized with the Yoast SEO plugin v27.0 - https:\/\/yoast.com\/product\/yoast-seo-wordpress\/ -->\n<title>Pol\u00edtica de Cookies - LBL Audit<\/title>\n<meta name=\"robots\" content=\"index, follow, max-snippet:-1, max-image-preview:large, max-video-preview:-1\" \/>\n<link rel=\"canonical\" href=\"https:\/\/lblaudit.com\/ca\/politica-de-cookies\/\" \/>\n<meta property=\"og:locale\" content=\"ca_ES\" \/>\n<meta property=\"og:type\" content=\"article\" \/>\n<meta property=\"og:title\" content=\"Pol\u00edtica de Cookies - LBL Audit\" \/>\n<meta property=\"og:description\" content=\"POL\u00cdTICA DE COOKIES Introducci\u00f3 Aquest lloc web utilitza cookies pr\u00f2pies i de tercers per a finalitats t\u00e8cniques, estad\u00edstiques i publicit\u00e0ries, d&#8217;acord amb la normativa vigent. Qu\u00e8 s\u00f3n les galetes? Les cookies s\u00f3n petits arxius de text que s&#8217;emmagatzemen al dispositiu quan visites una p\u00e0gina web. Serveixen per recordar les vostres prefer\u00e8ncies i millorar la vostra [&hellip;]\" \/>\n<meta property=\"og:url\" content=\"https:\/\/lblaudit.com\/ca\/politica-de-cookies\/\" \/>\n<meta property=\"og:site_name\" content=\"LBL Audit\" \/>\n<meta property=\"article:modified_time\" content=\"2025-07-09T11:29:56+00:00\" \/>\n<meta name=\"twitter:card\" content=\"summary_large_image\" \/>\n<meta name=\"twitter:label1\" content=\"Temps estimat de lectura\" \/>\n\t<meta name=\"twitter:data1\" content=\"2 minuts\" \/>\n<script type=\"application\/ld+json\" class=\"yoast-schema-graph\">{\"@context\":\"https:\/\/schema.org\",\"@graph\":[{\"@type\":\"WebPage\",\"@id\":\"https:\/\/lblaudit.com\/ca\/politica-de-cookies\/\",\"url\":\"https:\/\/lblaudit.com\/ca\/politica-de-cookies\/\",\"name\":\"Pol\u00edtica de Cookies - LBL Audit\",\"isPartOf\":{\"@id\":\"https:\/\/lblaudit.com\/ca\/#website\"},\"datePublished\":\"2025-07-08T14:50:15+00:00\",\"dateModified\":\"2025-07-09T11:29:56+00:00\",\"breadcrumb\":{\"@id\":\"https:\/\/lblaudit.com\/ca\/politica-de-cookies\/#breadcrumb\"},\"inLanguage\":\"ca\",\"potentialAction\":[{\"@type\":\"ReadAction\",\"target\":[\"https:\/\/lblaudit.com\/ca\/politica-de-cookies\/\"]}]},{\"@type\":\"BreadcrumbList\",\"@id\":\"https:\/\/lblaudit.com\/ca\/politica-de-cookies\/#breadcrumb\",\"itemListElement\":[{\"@type\":\"ListItem\",\"position\":1,\"name\":\"Portada\",\"item\":\"https:\/\/lblaudit.com\/ca\/inici\/\"},{\"@type\":\"ListItem\",\"position\":2,\"name\":\"Pol\u00edtica de Cookies\"}]},{\"@type\":\"WebSite\",\"@id\":\"https:\/\/lblaudit.com\/ca\/#website\",\"url\":\"https:\/\/lblaudit.com\/ca\/\",\"name\":\"LBL Audit\",\"description\":\"\",\"publisher\":{\"@id\":\"https:\/\/lblaudit.com\/ca\/#organization\"},\"potentialAction\":[{\"@type\":\"SearchAction\",\"target\":{\"@type\":\"EntryPoint\",\"urlTemplate\":\"https:\/\/lblaudit.com\/ca\/?s={search_term_string}\"},\"query-input\":{\"@type\":\"PropertyValueSpecification\",\"valueRequired\":true,\"valueName\":\"search_term_string\"}}],\"inLanguage\":\"ca\"},{\"@type\":\"Organization\",\"@id\":\"https:\/\/lblaudit.com\/ca\/#organization\",\"name\":\"LBL Audit\",\"url\":\"https:\/\/lblaudit.com\/ca\/\",\"logo\":{\"@type\":\"ImageObject\",\"inLanguage\":\"ca\",\"@id\":\"https:\/\/lblaudit.com\/ca\/#\/schema\/logo\/image\/\",\"url\":\"https:\/\/lblaudit.com\/wp-content\/uploads\/2025\/10\/cropped-LOGO-AUDIT_2024_DEFINITIU-e1760424892231.webp\",\"contentUrl\":\"https:\/\/lblaudit.com\/wp-content\/uploads\/2025\/10\/cropped-LOGO-AUDIT_2024_DEFINITIU-e1760424892231.webp\",\"width\":436,\"height\":386,\"caption\":\"LBL Audit\"},\"image\":{\"@id\":\"https:\/\/lblaudit.com\/ca\/#\/schema\/logo\/image\/\"}}]}<\/script>\n<!-- \/ Yoast SEO plugin. -->","yoast_head_json":{"title":"Pol\u00edtica de Cookies - LBL Audit","robots":{"index":"index","follow":"follow","max-snippet":"max-snippet:-1","max-image-preview":"max-image-preview:large","max-video-preview":"max-video-preview:-1"},"canonical":"https:\/\/lblaudit.com\/ca\/politica-de-cookies\/","og_locale":"ca_ES","og_type":"article","og_title":"Pol\u00edtica de Cookies - LBL Audit","og_description":"POL\u00cdTICA DE COOKIES Introducci\u00f3 Aquest lloc web utilitza cookies pr\u00f2pies i de tercers per a finalitats t\u00e8cniques, estad\u00edstiques i publicit\u00e0ries, d&#8217;acord amb la normativa vigent. Qu\u00e8 s\u00f3n les galetes? Les cookies s\u00f3n petits arxius de text que s&#8217;emmagatzemen al dispositiu quan visites una p\u00e0gina web. Serveixen per recordar les vostres prefer\u00e8ncies i millorar la vostra [&hellip;]","og_url":"https:\/\/lblaudit.com\/ca\/politica-de-cookies\/","og_site_name":"LBL Audit","article_modified_time":"2025-07-09T11:29:56+00:00","twitter_card":"summary_large_image","twitter_misc":{"Temps estimat de lectura":"2 minuts"},"schema":{"@context":"https:\/\/schema.org","@graph":[{"@type":"WebPage","@id":"https:\/\/lblaudit.com\/ca\/politica-de-cookies\/","url":"https:\/\/lblaudit.com\/ca\/politica-de-cookies\/","name":"Pol\u00edtica de Cookies - LBL Audit","isPartOf":{"@id":"https:\/\/lblaudit.com\/ca\/#website"},"datePublished":"2025-07-08T14:50:15+00:00","dateModified":"2025-07-09T11:29:56+00:00","breadcrumb":{"@id":"https:\/\/lblaudit.com\/ca\/politica-de-cookies\/#breadcrumb"},"inLanguage":"ca","potentialAction":[{"@type":"ReadAction","target":["https:\/\/lblaudit.com\/ca\/politica-de-cookies\/"]}]},{"@type":"BreadcrumbList","@id":"https:\/\/lblaudit.com\/ca\/politica-de-cookies\/#breadcrumb","itemListElement":[{"@type":"ListItem","position":1,"name":"Portada","item":"https:\/\/lblaudit.com\/ca\/inici\/"},{"@type":"ListItem","position":2,"name":"Pol\u00edtica de Cookies"}]},{"@type":"WebSite","@id":"https:\/\/lblaudit.com\/ca\/#website","url":"https:\/\/lblaudit.com\/ca\/","name":"LBL Audit","description":"","publisher":{"@id":"https:\/\/lblaudit.com\/ca\/#organization"},"potentialAction":[{"@type":"SearchAction","target":{"@type":"EntryPoint","urlTemplate":"https:\/\/lblaudit.com\/ca\/?s={search_term_string}"},"query-input":{"@type":"PropertyValueSpecification","valueRequired":true,"valueName":"search_term_string"}}],"inLanguage":"ca"},{"@type":"Organization","@id":"https:\/\/lblaudit.com\/ca\/#organization","name":"LBL Audit","url":"https:\/\/lblaudit.com\/ca\/","logo":{"@type":"ImageObject","inLanguage":"ca","@id":"https:\/\/lblaudit.com\/ca\/#\/schema\/logo\/image\/","url":"https:\/\/lblaudit.com\/wp-content\/uploads\/2025\/10\/cropped-LOGO-AUDIT_2024_DEFINITIU-e1760424892231.webp","contentUrl":"https:\/\/lblaudit.com\/wp-content\/uploads\/2025\/10\/cropped-LOGO-AUDIT_2024_DEFINITIU-e1760424892231.webp","width":436,"height":386,"caption":"LBL Audit"},"image":{"@id":"https:\/\/lblaudit.com\/ca\/#\/schema\/logo\/image\/"}}]}},"_links":{"self":[{"href":"https:\/\/lblaudit.com\/ca\/wp-json\/wp\/v2\/pages\/1036","targetHints":{"allow":["GET"]}}],"collection":[{"href":"https:\/\/lblaudit.com\/ca\/wp-json\/wp\/v2\/pages"}],"about":[{"href":"https:\/\/lblaudit.com\/ca\/wp-json\/wp\/v2\/types\/page"}],"author":[{"embeddable":true,"href":"https:\/\/lblaudit.com\/ca\/wp-json\/wp\/v2\/users\/1"}],"replies":[{"embeddable":true,"href":"https:\/\/lblaudit.com\/ca\/wp-json\/wp\/v2\/comments?post=1036"}],"version-history":[{"count":1,"href":"https:\/\/lblaudit.com\/ca\/wp-json\/wp\/v2\/pages\/1036\/revisions"}],"predecessor-version":[{"id":1037,"href":"https:\/\/lblaudit.com\/ca\/wp-json\/wp\/v2\/pages\/1036\/revisions\/1037"}],"wp:attachment":[{"href":"https:\/\/lblaudit.com\/ca\/wp-json\/wp\/v2\/media?parent=1036"}],"curies":[{"name":"wp","href":"https:\/\/api.w.org\/{rel}","templated":true}]}}