{"id":1038,"date":"2025-07-08T14:39:51","date_gmt":"2025-07-08T14:39:51","guid":{"rendered":"https:\/\/lblaudit.com\/politica-de-privacitat\/"},"modified":"2025-07-09T11:34:24","modified_gmt":"2025-07-09T11:34:24","slug":"politica-de-privacitat","status":"publish","type":"page","link":"https:\/\/lblaudit.com\/ca\/politica-de-privacitat\/","title":{"rendered":"Pol\u00edtica de Privacitat"},"content":{"rendered":"\t\t<div data-elementor-type=\"wp-page\" data-elementor-id=\"1038\" class=\"elementor elementor-1038 elementor-803\" data-elementor-post-type=\"page\">\n\t\t\t\t<div class=\"elementor-element elementor-element-ced5a6e e-flex e-con-boxed e-con e-parent\" data-id=\"ced5a6e\" data-element_type=\"container\" data-e-type=\"container\" data-settings=\"{&quot;background_background&quot;:&quot;classic&quot;}\">\n\t\t\t\t\t<div class=\"e-con-inner\">\n\t\t\t\t<div class=\"elementor-element elementor-element-b08e272 elementor-widget elementor-widget-heading\" data-id=\"b08e272\" data-element_type=\"widget\" data-e-type=\"widget\" data-widget_type=\"heading.default\">\n\t\t\t\t<div class=\"elementor-widget-container\">\n\t\t\t\t\t<h2 class=\"elementor-heading-title elementor-size-default\">POL\u00cdTICA DE PRIVACITAT<\/h2>\t\t\t\t<\/div>\n\t\t\t\t<\/div>\n\t\t\t\t<div class=\"elementor-element elementor-element-14a4e4c elementor-widget elementor-widget-heading\" data-id=\"14a4e4c\" data-element_type=\"widget\" data-e-type=\"widget\" data-widget_type=\"heading.default\">\n\t\t\t\t<div class=\"elementor-widget-container\">\n\t\t\t\t\t<h2 class=\"elementor-heading-title elementor-size-default\">Introducci\u00f3<\/h2>\t\t\t\t<\/div>\n\t\t\t\t<\/div>\n\t\t\t\t<div class=\"elementor-element elementor-element-622aed6 elementor-widget elementor-widget-text-editor\" data-id=\"622aed6\" data-element_type=\"widget\" data-e-type=\"widget\" data-widget_type=\"text-editor.default\">\n\t\t\t\t<div class=\"elementor-widget-container\">\n\t\t\t\t\t\t\t\t\t<p>En compliment del Reglament (UE) 2016\/679 del Parlament Europeu i del Consell (RGPD), i de la Llei org\u00e0nica 3\/2018 de Protecci\u00f3 de Dades i Garantia dels Drets Digitals (LOPDGDD), t&#8217;informem sobre el tractament de les teves dades personals.<\/p>\t\t\t\t\t\t\t\t<\/div>\n\t\t\t\t<\/div>\n\t\t\t\t<div class=\"elementor-element elementor-element-9bcbdad elementor-widget elementor-widget-heading\" data-id=\"9bcbdad\" data-element_type=\"widget\" data-e-type=\"widget\" data-widget_type=\"heading.default\">\n\t\t\t\t<div class=\"elementor-widget-container\">\n\t\t\t\t\t<h2 class=\"elementor-heading-title elementor-size-default\">Responsable del tractament<\/h2>\t\t\t\t<\/div>\n\t\t\t\t<\/div>\n\t\t\t\t<div class=\"elementor-element elementor-element-d360aea enlaces elementor-widget elementor-widget-text-editor\" data-id=\"d360aea\" data-element_type=\"widget\" data-e-type=\"widget\" data-widget_type=\"text-editor.default\">\n\t\t\t\t<div class=\"elementor-widget-container\">\n\t\t\t\t\t\t\t\t\t<ul><li>Denominaci\u00f3 social: LBL AUDIT, SLP<\/li><li>Domicili social: Av. Josep Tarradellas, 123, Pis 5 Pta. B, 08029, Barcelona  <\/li><li>CIF: B67659573<\/li><li>Tel\u00e8fon de contacte: 932 182 300<\/li><li>E-mail de contacte: <a href=\"mailto:dverges@lblpartners.es\">dverges@lblpartners.es<\/a><\/li><\/ul>\t\t\t\t\t\t\t\t<\/div>\n\t\t\t\t<\/div>\n\t\t\t\t<div class=\"elementor-element elementor-element-c269ba2 elementor-widget elementor-widget-heading\" data-id=\"c269ba2\" data-element_type=\"widget\" data-e-type=\"widget\" data-widget_type=\"heading.default\">\n\t\t\t\t<div class=\"elementor-widget-container\">\n\t\t\t\t\t<h2 class=\"elementor-heading-title elementor-size-default\">Finalitat del tractament<\/h2>\t\t\t\t<\/div>\n\t\t\t\t<\/div>\n\t\t\t\t<div class=\"elementor-element elementor-element-9a47278 elementor-widget elementor-widget-text-editor\" data-id=\"9a47278\" data-element_type=\"widget\" data-e-type=\"widget\" data-widget_type=\"text-editor.default\">\n\t\t\t\t<div class=\"elementor-widget-container\">\n\t\t\t\t\t\t\t\t\t<p>Tractem les dades que ens facilites amb les seg\u00fcents finalitats:<\/p><ul><li>Elaborar adequadament la proposta de serveis sol\u00b7licitada.<\/li><li>Gestionar la contractaci\u00f3 dels serveis sol\u00b7licitats i la corresponent facturaci\u00f3.<\/li><li>Mantenir el contacte per a recaptar informaci\u00f3 o proporcionar informaci\u00f3 sobre els serveis contractats i\/o modificacions en aquest.<\/li><li>Con\u00e8ixer el grau de satisfacci\u00f3 amb els serveis rebuts.<\/li><li>Enviar comunicacions electr\u00f2niques en relaci\u00f3 amb activitats, novetats, esdeveniments i not\u00edcies de l&#8217;empresa que puguin ser del seu inter\u00e8s d&#8217;acord amb la naturalesa del servei contractat i sempre que no manifesti el seu desig de no rebre-les a l&#8217;empara del perm\u00e8s per la Llei 34\/2002, d&#8217;11 de juliol, de serveis de la societat de la informaci\u00f3 i de comer\u00e7 electr\u00f2nic.<\/li><li>En relaci\u00f3 a les sol\u00b7licituds de contacte, les dades seran objecte de tractament amb la finalitat de proporcionar una adequada gesti\u00f3 i atenci\u00f3 de la sol\u00b7licitud d&#8217;acord amb la naturalesa d&#8217;aquesta.<\/li><\/ul>\t\t\t\t\t\t\t\t<\/div>\n\t\t\t\t<\/div>\n\t\t\t\t<div class=\"elementor-element elementor-element-3564937 elementor-widget elementor-widget-heading\" data-id=\"3564937\" data-element_type=\"widget\" data-e-type=\"widget\" data-widget_type=\"heading.default\">\n\t\t\t\t<div class=\"elementor-widget-container\">\n\t\t\t\t\t<h2 class=\"elementor-heading-title elementor-size-default\">Legitimaci\u00f3<\/h2>\t\t\t\t<\/div>\n\t\t\t\t<\/div>\n\t\t\t\t<div class=\"elementor-element elementor-element-6296b7b enlaces elementor-widget elementor-widget-text-editor\" data-id=\"6296b7b\" data-element_type=\"widget\" data-e-type=\"widget\" data-widget_type=\"text-editor.default\">\n\t\t\t\t<div class=\"elementor-widget-container\">\n\t\t\t\t\t\t\t\t\t<p>La base legal per al tractament de les teves dades \u00e9s el teu consentiment, que pots retirar en qualsevol moment, sense que aix\u00f2 afecti la licitud del tractament previ. Si desitja obtenir m\u00e9s informaci\u00f3 sobre aquest tema pot sol\u00b7licitar-la en <a href=\"mailto:dverges@lblpartners.es\">dverges@lblpartners.es<\/a><\/p>\t\t\t\t\t\t\t\t<\/div>\n\t\t\t\t<\/div>\n\t\t\t\t<div class=\"elementor-element elementor-element-0bd9ede elementor-widget elementor-widget-heading\" data-id=\"0bd9ede\" data-element_type=\"widget\" data-e-type=\"widget\" data-widget_type=\"heading.default\">\n\t\t\t\t<div class=\"elementor-widget-container\">\n\t\t\t\t\t<h2 class=\"elementor-heading-title elementor-size-default\">Conservaci\u00f3 de les dades<\/h2>\t\t\t\t<\/div>\n\t\t\t\t<\/div>\n\t\t\t\t<div class=\"elementor-element elementor-element-212819a elementor-widget elementor-widget-text-editor\" data-id=\"212819a\" data-element_type=\"widget\" data-e-type=\"widget\" data-widget_type=\"text-editor.default\">\n\t\t\t\t<div class=\"elementor-widget-container\">\n\t\t\t\t\t\t\t\t\t<p>Conservaci\u00f3 de les dades<\/p>\t\t\t\t\t\t\t\t<\/div>\n\t\t\t\t<\/div>\n\t\t\t\t<div class=\"elementor-element elementor-element-0a5a16c elementor-widget elementor-widget-heading\" data-id=\"0a5a16c\" data-element_type=\"widget\" data-e-type=\"widget\" data-widget_type=\"heading.default\">\n\t\t\t\t<div class=\"elementor-widget-container\">\n\t\t\t\t\t<h2 class=\"elementor-heading-title elementor-size-default\">Destinataris<\/h2>\t\t\t\t<\/div>\n\t\t\t\t<\/div>\n\t\t\t\t<div class=\"elementor-element elementor-element-33deedf elementor-widget elementor-widget-text-editor\" data-id=\"33deedf\" data-element_type=\"widget\" data-e-type=\"widget\" data-widget_type=\"text-editor.default\">\n\t\t\t\t<div class=\"elementor-widget-container\">\n\t\t\t\t\t\t\t\t\t<p>No se cediran dades a tercers excepte obligaci\u00f3 legal o prove\u00efdors amb contracte de tractament de dades vigent (hosting, correu, CRM, etc.).<\/p>\t\t\t\t\t\t\t\t<\/div>\n\t\t\t\t<\/div>\n\t\t\t\t<div class=\"elementor-element elementor-element-9deb2e1 elementor-widget elementor-widget-heading\" data-id=\"9deb2e1\" data-element_type=\"widget\" data-e-type=\"widget\" data-widget_type=\"heading.default\">\n\t\t\t\t<div class=\"elementor-widget-container\">\n\t\t\t\t\t<h2 class=\"elementor-heading-title elementor-size-default\">Drets<\/h2>\t\t\t\t<\/div>\n\t\t\t\t<\/div>\n\t\t\t\t<div class=\"elementor-element elementor-element-1af863f enlaces elementor-widget elementor-widget-text-editor\" data-id=\"1af863f\" data-element_type=\"widget\" data-e-type=\"widget\" data-widget_type=\"text-editor.default\">\n\t\t\t\t<div class=\"elementor-widget-container\">\n\t\t\t\t\t\t\t\t\t<p>Pots exercir els teus drets d&#8217;acc\u00e9s, rectificaci\u00f3, supressi\u00f3, oposici\u00f3, limitaci\u00f3 del tractament i portabilitat enviant un correu electr\u00f2nic a<a href=\"mailto:dverges@lblpartners.es\"> dverges@lblpartners.es<\/a> amb l&#8217;assumpte \u201cProtecci\u00f3 de Dades\u201d. Tamb\u00e9 pots reclamar davant l&#8217;Ag\u00e8ncia Espanyola de Protecci\u00f3 de Dades <a href=\"https:\/\/www.aepd.es\/\">www.aepd.es<\/a>.<\/p>\t\t\t\t\t\t\t\t<\/div>\n\t\t\t\t<\/div>\n\t\t\t\t\t<\/div>\n\t\t\t\t<\/div>\n\t\t\t\t<\/div>\n\t\t","protected":false},"excerpt":{"rendered":"<p>POL\u00cdTICA DE PRIVACITAT Introducci\u00f3 En compliment del Reglament (UE) 2016\/679 del Parlament Europeu i del Consell (RGPD), i de la Llei org\u00e0nica 3\/2018 de Protecci\u00f3 de Dades i Garantia dels Drets Digitals (LOPDGDD), t&#8217;informem sobre el tractament de les teves dades personals. Responsable del tractament Denominaci\u00f3 social: LBL AUDIT, SLP Domicili social: Av. Josep Tarradellas, [&hellip;]<\/p>\n","protected":false},"author":1,"featured_media":0,"parent":0,"menu_order":0,"comment_status":"open","ping_status":"closed","template":"elementor_header_footer","meta":{"footnotes":""},"class_list":["post-1038","page","type-page","status-publish","hentry"],"yoast_head":"<!-- This site is optimized with the Yoast SEO plugin v27.0 - https:\/\/yoast.com\/product\/yoast-seo-wordpress\/ -->\n<title>Pol\u00edtica de Privacitat - LBL Audit<\/title>\n<meta name=\"robots\" content=\"index, follow, max-snippet:-1, max-image-preview:large, max-video-preview:-1\" \/>\n<link rel=\"canonical\" href=\"https:\/\/lblaudit.com\/ca\/politica-de-privacitat\/\" \/>\n<meta property=\"og:locale\" content=\"ca_ES\" \/>\n<meta property=\"og:type\" content=\"article\" \/>\n<meta property=\"og:title\" content=\"Pol\u00edtica de Privacitat - LBL Audit\" \/>\n<meta property=\"og:description\" content=\"POL\u00cdTICA DE PRIVACITAT Introducci\u00f3 En compliment del Reglament (UE) 2016\/679 del Parlament Europeu i del Consell (RGPD), i de la Llei org\u00e0nica 3\/2018 de Protecci\u00f3 de Dades i Garantia dels Drets Digitals (LOPDGDD), t&#8217;informem sobre el tractament de les teves dades personals. Responsable del tractament Denominaci\u00f3 social: LBL AUDIT, SLP Domicili social: Av. Josep Tarradellas, [&hellip;]\" \/>\n<meta property=\"og:url\" content=\"https:\/\/lblaudit.com\/ca\/politica-de-privacitat\/\" \/>\n<meta property=\"og:site_name\" content=\"LBL Audit\" \/>\n<meta property=\"article:modified_time\" content=\"2025-07-09T11:34:24+00:00\" \/>\n<meta name=\"twitter:card\" content=\"summary_large_image\" \/>\n<meta name=\"twitter:label1\" content=\"Temps estimat de lectura\" \/>\n\t<meta name=\"twitter:data1\" content=\"2 minuts\" \/>\n<script type=\"application\/ld+json\" class=\"yoast-schema-graph\">{\"@context\":\"https:\/\/schema.org\",\"@graph\":[{\"@type\":\"WebPage\",\"@id\":\"https:\/\/lblaudit.com\/ca\/politica-de-privacitat\/\",\"url\":\"https:\/\/lblaudit.com\/ca\/politica-de-privacitat\/\",\"name\":\"Pol\u00edtica de Privacitat - LBL Audit\",\"isPartOf\":{\"@id\":\"https:\/\/lblaudit.com\/ca\/#website\"},\"datePublished\":\"2025-07-08T14:39:51+00:00\",\"dateModified\":\"2025-07-09T11:34:24+00:00\",\"breadcrumb\":{\"@id\":\"https:\/\/lblaudit.com\/ca\/politica-de-privacitat\/#breadcrumb\"},\"inLanguage\":\"ca\",\"potentialAction\":[{\"@type\":\"ReadAction\",\"target\":[\"https:\/\/lblaudit.com\/ca\/politica-de-privacitat\/\"]}]},{\"@type\":\"BreadcrumbList\",\"@id\":\"https:\/\/lblaudit.com\/ca\/politica-de-privacitat\/#breadcrumb\",\"itemListElement\":[{\"@type\":\"ListItem\",\"position\":1,\"name\":\"Portada\",\"item\":\"https:\/\/lblaudit.com\/ca\/inici\/\"},{\"@type\":\"ListItem\",\"position\":2,\"name\":\"Pol\u00edtica de Privacitat\"}]},{\"@type\":\"WebSite\",\"@id\":\"https:\/\/lblaudit.com\/ca\/#website\",\"url\":\"https:\/\/lblaudit.com\/ca\/\",\"name\":\"LBL Audit\",\"description\":\"\",\"publisher\":{\"@id\":\"https:\/\/lblaudit.com\/ca\/#organization\"},\"potentialAction\":[{\"@type\":\"SearchAction\",\"target\":{\"@type\":\"EntryPoint\",\"urlTemplate\":\"https:\/\/lblaudit.com\/ca\/?s={search_term_string}\"},\"query-input\":{\"@type\":\"PropertyValueSpecification\",\"valueRequired\":true,\"valueName\":\"search_term_string\"}}],\"inLanguage\":\"ca\"},{\"@type\":\"Organization\",\"@id\":\"https:\/\/lblaudit.com\/ca\/#organization\",\"name\":\"LBL Audit\",\"url\":\"https:\/\/lblaudit.com\/ca\/\",\"logo\":{\"@type\":\"ImageObject\",\"inLanguage\":\"ca\",\"@id\":\"https:\/\/lblaudit.com\/ca\/#\/schema\/logo\/image\/\",\"url\":\"https:\/\/lblaudit.com\/wp-content\/uploads\/2025\/10\/cropped-LOGO-AUDIT_2024_DEFINITIU-e1760424892231.webp\",\"contentUrl\":\"https:\/\/lblaudit.com\/wp-content\/uploads\/2025\/10\/cropped-LOGO-AUDIT_2024_DEFINITIU-e1760424892231.webp\",\"width\":436,\"height\":386,\"caption\":\"LBL Audit\"},\"image\":{\"@id\":\"https:\/\/lblaudit.com\/ca\/#\/schema\/logo\/image\/\"}}]}<\/script>\n<!-- \/ Yoast SEO plugin. -->","yoast_head_json":{"title":"Pol\u00edtica de Privacitat - LBL Audit","robots":{"index":"index","follow":"follow","max-snippet":"max-snippet:-1","max-image-preview":"max-image-preview:large","max-video-preview":"max-video-preview:-1"},"canonical":"https:\/\/lblaudit.com\/ca\/politica-de-privacitat\/","og_locale":"ca_ES","og_type":"article","og_title":"Pol\u00edtica de Privacitat - LBL Audit","og_description":"POL\u00cdTICA DE PRIVACITAT Introducci\u00f3 En compliment del Reglament (UE) 2016\/679 del Parlament Europeu i del Consell (RGPD), i de la Llei org\u00e0nica 3\/2018 de Protecci\u00f3 de Dades i Garantia dels Drets Digitals (LOPDGDD), t&#8217;informem sobre el tractament de les teves dades personals. Responsable del tractament Denominaci\u00f3 social: LBL AUDIT, SLP Domicili social: Av. Josep Tarradellas, [&hellip;]","og_url":"https:\/\/lblaudit.com\/ca\/politica-de-privacitat\/","og_site_name":"LBL Audit","article_modified_time":"2025-07-09T11:34:24+00:00","twitter_card":"summary_large_image","twitter_misc":{"Temps estimat de lectura":"2 minuts"},"schema":{"@context":"https:\/\/schema.org","@graph":[{"@type":"WebPage","@id":"https:\/\/lblaudit.com\/ca\/politica-de-privacitat\/","url":"https:\/\/lblaudit.com\/ca\/politica-de-privacitat\/","name":"Pol\u00edtica de Privacitat - LBL Audit","isPartOf":{"@id":"https:\/\/lblaudit.com\/ca\/#website"},"datePublished":"2025-07-08T14:39:51+00:00","dateModified":"2025-07-09T11:34:24+00:00","breadcrumb":{"@id":"https:\/\/lblaudit.com\/ca\/politica-de-privacitat\/#breadcrumb"},"inLanguage":"ca","potentialAction":[{"@type":"ReadAction","target":["https:\/\/lblaudit.com\/ca\/politica-de-privacitat\/"]}]},{"@type":"BreadcrumbList","@id":"https:\/\/lblaudit.com\/ca\/politica-de-privacitat\/#breadcrumb","itemListElement":[{"@type":"ListItem","position":1,"name":"Portada","item":"https:\/\/lblaudit.com\/ca\/inici\/"},{"@type":"ListItem","position":2,"name":"Pol\u00edtica de Privacitat"}]},{"@type":"WebSite","@id":"https:\/\/lblaudit.com\/ca\/#website","url":"https:\/\/lblaudit.com\/ca\/","name":"LBL Audit","description":"","publisher":{"@id":"https:\/\/lblaudit.com\/ca\/#organization"},"potentialAction":[{"@type":"SearchAction","target":{"@type":"EntryPoint","urlTemplate":"https:\/\/lblaudit.com\/ca\/?s={search_term_string}"},"query-input":{"@type":"PropertyValueSpecification","valueRequired":true,"valueName":"search_term_string"}}],"inLanguage":"ca"},{"@type":"Organization","@id":"https:\/\/lblaudit.com\/ca\/#organization","name":"LBL Audit","url":"https:\/\/lblaudit.com\/ca\/","logo":{"@type":"ImageObject","inLanguage":"ca","@id":"https:\/\/lblaudit.com\/ca\/#\/schema\/logo\/image\/","url":"https:\/\/lblaudit.com\/wp-content\/uploads\/2025\/10\/cropped-LOGO-AUDIT_2024_DEFINITIU-e1760424892231.webp","contentUrl":"https:\/\/lblaudit.com\/wp-content\/uploads\/2025\/10\/cropped-LOGO-AUDIT_2024_DEFINITIU-e1760424892231.webp","width":436,"height":386,"caption":"LBL Audit"},"image":{"@id":"https:\/\/lblaudit.com\/ca\/#\/schema\/logo\/image\/"}}]}},"_links":{"self":[{"href":"https:\/\/lblaudit.com\/ca\/wp-json\/wp\/v2\/pages\/1038","targetHints":{"allow":["GET"]}}],"collection":[{"href":"https:\/\/lblaudit.com\/ca\/wp-json\/wp\/v2\/pages"}],"about":[{"href":"https:\/\/lblaudit.com\/ca\/wp-json\/wp\/v2\/types\/page"}],"author":[{"embeddable":true,"href":"https:\/\/lblaudit.com\/ca\/wp-json\/wp\/v2\/users\/1"}],"replies":[{"embeddable":true,"href":"https:\/\/lblaudit.com\/ca\/wp-json\/wp\/v2\/comments?post=1038"}],"version-history":[{"count":2,"href":"https:\/\/lblaudit.com\/ca\/wp-json\/wp\/v2\/pages\/1038\/revisions"}],"predecessor-version":[{"id":1043,"href":"https:\/\/lblaudit.com\/ca\/wp-json\/wp\/v2\/pages\/1038\/revisions\/1043"}],"wp:attachment":[{"href":"https:\/\/lblaudit.com\/ca\/wp-json\/wp\/v2\/media?parent=1038"}],"curies":[{"name":"wp","href":"https:\/\/api.w.org\/{rel}","templated":true}]}}