{"id":994,"date":"2025-07-08T14:50:29","date_gmt":"2025-07-08T14:50:29","guid":{"rendered":"https:\/\/lblaudit.com\/accessibilitat\/"},"modified":"2025-07-09T11:18:30","modified_gmt":"2025-07-09T11:18:30","slug":"accessibilitat","status":"publish","type":"page","link":"https:\/\/lblaudit.com\/ca\/accessibilitat\/","title":{"rendered":"Accessibilitat"},"content":{"rendered":"\t\t<div data-elementor-type=\"wp-page\" data-elementor-id=\"994\" class=\"elementor elementor-994 elementor-823\" data-elementor-post-type=\"page\">\n\t\t\t\t<div class=\"elementor-element elementor-element-ced5a6e e-flex e-con-boxed e-con e-parent\" data-id=\"ced5a6e\" data-element_type=\"container\" data-e-type=\"container\" data-settings=\"{&quot;background_background&quot;:&quot;classic&quot;}\">\n\t\t\t\t\t<div class=\"e-con-inner\">\n\t\t\t\t<div class=\"elementor-element elementor-element-b08e272 elementor-widget elementor-widget-heading\" data-id=\"b08e272\" data-element_type=\"widget\" data-e-type=\"widget\" data-widget_type=\"heading.default\">\n\t\t\t\t<div class=\"elementor-widget-container\">\n\t\t\t\t\t<h2 class=\"elementor-heading-title elementor-size-default\">ACCESSIBILITAT<\/h2>\t\t\t\t<\/div>\n\t\t\t\t<\/div>\n\t\t\t\t<div class=\"elementor-element elementor-element-622aed6 enlaces elementor-widget elementor-widget-text-editor\" data-id=\"622aed6\" data-element_type=\"widget\" data-e-type=\"widget\" data-widget_type=\"text-editor.default\">\n\t\t\t\t<div class=\"elementor-widget-container\">\n\t\t\t\t\t\t\t\t\t<p>LBL AUDIT, S.L.P s&#8217;ha comprom\u00e8s a fer accessible el seu lloc web, de conformitat amb el <a class=\"ext\" href=\"https:\/\/www.boe.es\/diario_boe\/txt.php?id=BOE-A-2018-12699\" target=\"_blank\" rel=\"noopener noreferrer\" data-extlink=\"\" data-insuit-uuid=\"06b55ca3-c663-49c7-a5e8-7deb8b8fc015\">Reial decret 1112\/2018, de 7 de setembre, sobre accessibilitat dels llocs web i aplicacions per a dispositius m\u00f2bils del sector p\u00fablic.<\/a><\/p><p>La present declaraci\u00f3 d&#8217;accessibilitat s&#8217;aplica al lloc web <a href=\"\/\">lblaudit.com<\/a><\/p>\t\t\t\t\t\t\t\t<\/div>\n\t\t\t\t<\/div>\n\t\t\t\t<div class=\"elementor-element elementor-element-9bcbdad elementor-widget elementor-widget-heading\" data-id=\"9bcbdad\" data-element_type=\"widget\" data-e-type=\"widget\" data-widget_type=\"heading.default\">\n\t\t\t\t<div class=\"elementor-widget-container\">\n\t\t\t\t\t<h2 class=\"elementor-heading-title elementor-size-default\">Situaci\u00f3 de compliment<\/h2>\t\t\t\t<\/div>\n\t\t\t\t<\/div>\n\t\t\t\t<div class=\"elementor-element elementor-element-d360aea enlaces elementor-widget elementor-widget-text-editor\" data-id=\"d360aea\" data-element_type=\"widget\" data-e-type=\"widget\" data-widget_type=\"text-editor.default\">\n\t\t\t\t<div class=\"elementor-widget-container\">\n\t\t\t\t\t\t\t\t\t<p>Aquest lloc web \u00e9s parcialment conforme amb <a class=\"ext\" href=\"https:\/\/www.boe.es\/diario_boe\/txt.php?id=BOE-A-2018-12699\" target=\"_blank\" rel=\"noopener noreferrer\" data-extlink=\"\" data-insuit-uuid=\"ca8ecb6f-6f37-4b01-8854-bb095d57c27a\">l&#8217;RD 1112\/2018<\/a> a causa de les excepcions i a la falta de conformitat dels aspectes que s&#8217;indiquen en el seg\u00fcent punt.<\/p>\t\t\t\t\t\t\t\t<\/div>\n\t\t\t\t<\/div>\n\t\t\t\t<div class=\"elementor-element elementor-element-c269ba2 elementor-widget elementor-widget-heading\" data-id=\"c269ba2\" data-element_type=\"widget\" data-e-type=\"widget\" data-widget_type=\"heading.default\">\n\t\t\t\t<div class=\"elementor-widget-container\">\n\t\t\t\t\t<h2 class=\"elementor-heading-title elementor-size-default\">Contingut no accessible<\/h2>\t\t\t\t<\/div>\n\t\t\t\t<\/div>\n\t\t\t\t<div class=\"elementor-element elementor-element-9a47278 elementor-widget elementor-widget-text-editor\" data-id=\"9a47278\" data-element_type=\"widget\" data-e-type=\"widget\" data-widget_type=\"text-editor.default\">\n\t\t\t\t<div class=\"elementor-widget-container\">\n\t\t\t\t\t\t\t\t\t<p>El contingut que es recull a continuaci\u00f3 no \u00e9s accessible pel seg\u00fcent:<\/p><div class=\"i4t-include-i4t-h2-h3\" role=\"region\" aria-labelledby=\"i4t-id-5\" data-insuit-uuid=\"fa0833d9-b9bb-4e39-a1f5-869d267dec02\"><p id=\"i4t-id-5\" class=\"i4t-h2-h3 i4t-reference-include\">Falta de conformitat amb l&#8217;RD 1112\/2018:<\/p><p>Podrien existir documents ofim\u00e0tics en PDF i altres formats publicats posteriorment al 20 de setembre de 2018 que no compleixin \u00edntegrament els requisits d&#8217;accessibilitat. Es poden sol\u00b7licitar els documents completament accessibles des del formulari de contacte per a formalitzar queixes i consultes. <\/p><p>Podrien existir errors de codi puntuals d&#8217;edici\u00f3 en alguna p\u00e0gina web. [4.1.1 Processament] <\/p><\/div><div class=\"i4t-include-i4t-h2-h3\" role=\"region\" aria-labelledby=\"i4t-id-6\" data-insuit-uuid=\"ba62b608-735c-464d-81cb-9a032bf363f7\"><p id=\"i4t-id-6\" class=\"i4t-h2-h3 i4t-reference-include\">C\u00e0rrega desproporcionada:<\/p><p>No aplica.<\/p><\/div><div class=\"i4t-include-i4t-h2-h3\" role=\"region\" aria-labelledby=\"i4t-id-7\" data-insuit-uuid=\"889dbae3-f236-4f03-9776-77818804307f\"><p id=\"i4t-id-7\" class=\"i4t-h2-h3 i4t-reference-include\">El contingut no entra dins de l&#8217;\u00e0mbit de la legislaci\u00f3 aplicable:<\/p><p>Podrien existir arxius ofim\u00e0tics en PDF o altres formats publicats abans del 20 de setembre de 2018 que no compleixin \u00edntegrament tots els requisits d&#8217;accessibilitat. Encara que s&#8217;ha procurat que la majoria d&#8217;ells s\u00ed que ho compleixin. <\/p><\/div>\t\t\t\t\t\t\t\t<\/div>\n\t\t\t\t<\/div>\n\t\t\t\t<div class=\"elementor-element elementor-element-3564937 elementor-widget elementor-widget-heading\" data-id=\"3564937\" data-element_type=\"widget\" data-e-type=\"widget\" data-widget_type=\"heading.default\">\n\t\t\t\t<div class=\"elementor-widget-container\">\n\t\t\t\t\t<h2 class=\"elementor-heading-title elementor-size-default\">Preparaci\u00f3 per a la seg\u00fcent declaraci\u00f3 d'accessibilitat<\/h2>\t\t\t\t<\/div>\n\t\t\t\t<\/div>\n\t\t\t\t<div class=\"elementor-element elementor-element-6296b7b enlaces elementor-widget elementor-widget-text-editor\" data-id=\"6296b7b\" data-element_type=\"widget\" data-e-type=\"widget\" data-widget_type=\"text-editor.default\">\n\t\t\t\t<div class=\"elementor-widget-container\">\n\t\t\t\t\t\t\t\t\t<p>La present declaraci\u00f3 va ser preparada el 28 de juny de 2021.<\/p><p>El m\u00e8tode emprat per a preparar la declaraci\u00f3 ha estat una autoavaluaci\u00f3 duta a terme pel propi organisme.<\/p><div class=\"mb-3 subtitle_3\">Observacions i dades de contacte<\/div><p>Pot realitzar comunicacions sobre requisits d&#8217;accessibilitat (article 10.2.a de l&#8217;RD 1112\/2018) com, per exemple:<\/p><ul><li>Informar sobre qualsevol possible incompliment per part d&#8217;aquest lloc web<\/li><li>Transmetre altres dificultats d&#8217;acc\u00e9s al contingut<\/li><li>Formular qualsevol altra consulta o suggeriment de millora relativa a l&#8217;accessibilitat del lloc web<\/li><\/ul><p>a trav\u00e9s de la nostra p\u00e0gina de <a href=\"https:\/\/lblaudit.com\/ca\/contacte\/\">contacte<\/a>.<\/p><p>Pot presentar:<\/p><ul><li>Queixa relativa al compliment dels requisits del RD 1112\/2018 o<\/li><li>Sol\u00b7licitud d&#8217;Informaci\u00f3 accessible relativa a:<ul><li>Continguts que estan exclosos de l&#8217;\u00e0mbit d&#8217;aplicaci\u00f3 del RD 1112\/2018 segons el que s&#8217;estableix per l&#8217;article 3, apartat 4<\/li><li>Continguts que estan exempts del compliment dels requisits d&#8217;accessibilitat per imposar una c\u00e0rrega desproporcionada<\/li><\/ul><\/li><\/ul><p>En la Sol\u00b7licitud d&#8217;informaci\u00f3 accessible, s&#8217;ha de concretar, amb tota claredat, els fets, raons i petici\u00f3 que permetin constatar que es tracta d&#8217;una sol\u00b7licitud raonable i leg\u00edtima.<\/p><p>Les queixes i reclamacions sobre informaci\u00f3 accessible es realitzaran a trav\u00e9s de la seu electr\u00f2nica (<a class=\"ext\" href=\"https:\/\/sede.red.gob.es\/procedimientos\/quejas-y-sugerencias\" target=\"_blank\" rel=\"noopener noreferrer\" data-extlink=\"\" data-insuit-uuid=\"c0c5004f-eaa8-4c2f-9545-39e4691beba2\">queixes i suggeriments gob.es<\/a>), i seran rebudes i tractades per l&#8217;\u00e0rea de Sistemes de la Informaci\u00f3 de Red.es.<\/p>\t\t\t\t\t\t\t\t<\/div>\n\t\t\t\t<\/div>\n\t\t\t\t<div class=\"elementor-element elementor-element-0bd9ede elementor-widget elementor-widget-heading\" data-id=\"0bd9ede\" data-element_type=\"widget\" data-e-type=\"widget\" data-widget_type=\"heading.default\">\n\t\t\t\t<div class=\"elementor-widget-container\">\n\t\t\t\t\t<h2 class=\"elementor-heading-title elementor-size-default\">Contingut opcional<\/h2>\t\t\t\t<\/div>\n\t\t\t\t<\/div>\n\t\t\t\t<div class=\"elementor-element elementor-element-212819a elementor-widget elementor-widget-text-editor\" data-id=\"212819a\" data-element_type=\"widget\" data-e-type=\"widget\" data-widget_type=\"text-editor.default\">\n\t\t\t\t<div class=\"elementor-widget-container\">\n\t\t\t\t\t\t\t\t\t<p>Aquest portal est\u00e0 dissenyat per a poder canviar la grand\u00e0ria del text i el color, aix\u00ed com el fons de la p\u00e0gina mitjan\u00e7ant les opcions de configuraci\u00f3 est\u00e0ndard dels navegadors.<\/p><p>Si desitja canviar la grand\u00e0ria de lletra del text en els principals navegadors gr\u00e0fics utilitzi els seg\u00fcents men\u00fas:<\/p><p><span style=\"background-color: transparent;\">Internet Explorer, Mozilla i Firefox: Veure &#8211; Grand\u00e0ria del text<\/span><\/p><p><span style=\"background-color: transparent;\">Opera: Veure &#8211; Zoom<\/span><\/p><p><span style=\"background-color: transparent;\">Safari: Veure &#8211; Fer el text m\u00e9s gran<\/span><\/p><p><span style=\"background-color: transparent;\">Chrome: Controla la p\u00e0gina actual &#8211; Grand\u00e0ria del text<\/span><\/p><p><span style=\"background-color: transparent;\">Per a modificar la grand\u00e0ria de tot en la p\u00e0gina:<\/span><\/p><ul><li><span style=\"background-color: transparent;\">Ctrl + + per a augmentar-ho<\/span><\/li><li><span style=\"background-color: transparent;\">Ctrl + \u2013 per a disminuir-ho<\/span><\/li><li><span style=\"background-color: transparent;\">Ctrl + 0 restaura la grand\u00e0ria original del text<\/span><\/li><li><span style=\"background-color: transparent;\">Si el que vol \u00e9s anul\u00b7lar la fulla d&#8217;estils o modificar el color del text, pot consultar la p\u00e0gina<\/span> <span dir=\"ltr\" lang=\"en\" style=\"background-color: transparent;\">How to Change Text Size or Colors de la WAI<\/span>, <span style=\"background-color: transparent;\">que es pot llegir tradu\u00efda a l&#8217;espanyol en Com canviar la grand\u00e0ria del text o colors?<\/span><\/li><\/ul>\t\t\t\t\t\t\t\t<\/div>\n\t\t\t\t<\/div>\n\t\t\t\t\t<\/div>\n\t\t\t\t<\/div>\n\t\t\t\t<\/div>\n\t\t","protected":false},"excerpt":{"rendered":"<p>ACCESSIBILITAT LBL AUDIT, S.L.P s&#8217;ha comprom\u00e8s a fer accessible el seu lloc web, de conformitat amb el Reial decret 1112\/2018, de 7 de setembre, sobre accessibilitat dels llocs web i aplicacions per a dispositius m\u00f2bils del sector p\u00fablic. La present declaraci\u00f3 d&#8217;accessibilitat s&#8217;aplica al lloc web lblaudit.com Situaci\u00f3 de compliment Aquest lloc web \u00e9s parcialment [&hellip;]<\/p>\n","protected":false},"author":1,"featured_media":0,"parent":0,"menu_order":0,"comment_status":"open","ping_status":"closed","template":"elementor_header_footer","meta":{"footnotes":""},"class_list":["post-994","page","type-page","status-publish","hentry"],"yoast_head":"<!-- This site is optimized with the Yoast SEO plugin v27.0 - https:\/\/yoast.com\/product\/yoast-seo-wordpress\/ -->\n<title>Accessibilitat - LBL Audit<\/title>\n<meta name=\"robots\" content=\"index, follow, max-snippet:-1, max-image-preview:large, max-video-preview:-1\" \/>\n<link rel=\"canonical\" href=\"https:\/\/lblaudit.com\/ca\/accessibilitat\/\" \/>\n<meta property=\"og:locale\" content=\"ca_ES\" \/>\n<meta property=\"og:type\" content=\"article\" \/>\n<meta property=\"og:title\" content=\"Accessibilitat - LBL Audit\" \/>\n<meta property=\"og:description\" content=\"ACCESSIBILITAT LBL AUDIT, S.L.P s&#8217;ha comprom\u00e8s a fer accessible el seu lloc web, de conformitat amb el Reial decret 1112\/2018, de 7 de setembre, sobre accessibilitat dels llocs web i aplicacions per a dispositius m\u00f2bils del sector p\u00fablic. La present declaraci\u00f3 d&#8217;accessibilitat s&#8217;aplica al lloc web lblaudit.com Situaci\u00f3 de compliment Aquest lloc web \u00e9s parcialment [&hellip;]\" \/>\n<meta property=\"og:url\" content=\"https:\/\/lblaudit.com\/ca\/accessibilitat\/\" \/>\n<meta property=\"og:site_name\" content=\"LBL Audit\" \/>\n<meta property=\"article:modified_time\" content=\"2025-07-09T11:18:30+00:00\" \/>\n<meta name=\"twitter:card\" content=\"summary_large_image\" \/>\n<meta name=\"twitter:label1\" content=\"Temps estimat de lectura\" \/>\n\t<meta name=\"twitter:data1\" content=\"3 minuts\" \/>\n<script type=\"application\/ld+json\" class=\"yoast-schema-graph\">{\"@context\":\"https:\/\/schema.org\",\"@graph\":[{\"@type\":\"WebPage\",\"@id\":\"https:\/\/lblaudit.com\/ca\/accessibilitat\/\",\"url\":\"https:\/\/lblaudit.com\/ca\/accessibilitat\/\",\"name\":\"Accessibilitat - LBL Audit\",\"isPartOf\":{\"@id\":\"https:\/\/lblaudit.com\/ca\/#website\"},\"datePublished\":\"2025-07-08T14:50:29+00:00\",\"dateModified\":\"2025-07-09T11:18:30+00:00\",\"breadcrumb\":{\"@id\":\"https:\/\/lblaudit.com\/ca\/accessibilitat\/#breadcrumb\"},\"inLanguage\":\"ca\",\"potentialAction\":[{\"@type\":\"ReadAction\",\"target\":[\"https:\/\/lblaudit.com\/ca\/accessibilitat\/\"]}]},{\"@type\":\"BreadcrumbList\",\"@id\":\"https:\/\/lblaudit.com\/ca\/accessibilitat\/#breadcrumb\",\"itemListElement\":[{\"@type\":\"ListItem\",\"position\":1,\"name\":\"Portada\",\"item\":\"https:\/\/lblaudit.com\/ca\/inici\/\"},{\"@type\":\"ListItem\",\"position\":2,\"name\":\"Accessibilitat\"}]},{\"@type\":\"WebSite\",\"@id\":\"https:\/\/lblaudit.com\/ca\/#website\",\"url\":\"https:\/\/lblaudit.com\/ca\/\",\"name\":\"LBL Audit\",\"description\":\"\",\"publisher\":{\"@id\":\"https:\/\/lblaudit.com\/ca\/#organization\"},\"potentialAction\":[{\"@type\":\"SearchAction\",\"target\":{\"@type\":\"EntryPoint\",\"urlTemplate\":\"https:\/\/lblaudit.com\/ca\/?s={search_term_string}\"},\"query-input\":{\"@type\":\"PropertyValueSpecification\",\"valueRequired\":true,\"valueName\":\"search_term_string\"}}],\"inLanguage\":\"ca\"},{\"@type\":\"Organization\",\"@id\":\"https:\/\/lblaudit.com\/ca\/#organization\",\"name\":\"LBL Audit\",\"url\":\"https:\/\/lblaudit.com\/ca\/\",\"logo\":{\"@type\":\"ImageObject\",\"inLanguage\":\"ca\",\"@id\":\"https:\/\/lblaudit.com\/ca\/#\/schema\/logo\/image\/\",\"url\":\"https:\/\/lblaudit.com\/wp-content\/uploads\/2025\/10\/cropped-LOGO-AUDIT_2024_DEFINITIU-e1760424892231.webp\",\"contentUrl\":\"https:\/\/lblaudit.com\/wp-content\/uploads\/2025\/10\/cropped-LOGO-AUDIT_2024_DEFINITIU-e1760424892231.webp\",\"width\":436,\"height\":386,\"caption\":\"LBL Audit\"},\"image\":{\"@id\":\"https:\/\/lblaudit.com\/ca\/#\/schema\/logo\/image\/\"}}]}<\/script>\n<!-- \/ Yoast SEO plugin. -->","yoast_head_json":{"title":"Accessibilitat - LBL Audit","robots":{"index":"index","follow":"follow","max-snippet":"max-snippet:-1","max-image-preview":"max-image-preview:large","max-video-preview":"max-video-preview:-1"},"canonical":"https:\/\/lblaudit.com\/ca\/accessibilitat\/","og_locale":"ca_ES","og_type":"article","og_title":"Accessibilitat - LBL Audit","og_description":"ACCESSIBILITAT LBL AUDIT, S.L.P s&#8217;ha comprom\u00e8s a fer accessible el seu lloc web, de conformitat amb el Reial decret 1112\/2018, de 7 de setembre, sobre accessibilitat dels llocs web i aplicacions per a dispositius m\u00f2bils del sector p\u00fablic. La present declaraci\u00f3 d&#8217;accessibilitat s&#8217;aplica al lloc web lblaudit.com Situaci\u00f3 de compliment Aquest lloc web \u00e9s parcialment [&hellip;]","og_url":"https:\/\/lblaudit.com\/ca\/accessibilitat\/","og_site_name":"LBL Audit","article_modified_time":"2025-07-09T11:18:30+00:00","twitter_card":"summary_large_image","twitter_misc":{"Temps estimat de lectura":"3 minuts"},"schema":{"@context":"https:\/\/schema.org","@graph":[{"@type":"WebPage","@id":"https:\/\/lblaudit.com\/ca\/accessibilitat\/","url":"https:\/\/lblaudit.com\/ca\/accessibilitat\/","name":"Accessibilitat - LBL Audit","isPartOf":{"@id":"https:\/\/lblaudit.com\/ca\/#website"},"datePublished":"2025-07-08T14:50:29+00:00","dateModified":"2025-07-09T11:18:30+00:00","breadcrumb":{"@id":"https:\/\/lblaudit.com\/ca\/accessibilitat\/#breadcrumb"},"inLanguage":"ca","potentialAction":[{"@type":"ReadAction","target":["https:\/\/lblaudit.com\/ca\/accessibilitat\/"]}]},{"@type":"BreadcrumbList","@id":"https:\/\/lblaudit.com\/ca\/accessibilitat\/#breadcrumb","itemListElement":[{"@type":"ListItem","position":1,"name":"Portada","item":"https:\/\/lblaudit.com\/ca\/inici\/"},{"@type":"ListItem","position":2,"name":"Accessibilitat"}]},{"@type":"WebSite","@id":"https:\/\/lblaudit.com\/ca\/#website","url":"https:\/\/lblaudit.com\/ca\/","name":"LBL Audit","description":"","publisher":{"@id":"https:\/\/lblaudit.com\/ca\/#organization"},"potentialAction":[{"@type":"SearchAction","target":{"@type":"EntryPoint","urlTemplate":"https:\/\/lblaudit.com\/ca\/?s={search_term_string}"},"query-input":{"@type":"PropertyValueSpecification","valueRequired":true,"valueName":"search_term_string"}}],"inLanguage":"ca"},{"@type":"Organization","@id":"https:\/\/lblaudit.com\/ca\/#organization","name":"LBL Audit","url":"https:\/\/lblaudit.com\/ca\/","logo":{"@type":"ImageObject","inLanguage":"ca","@id":"https:\/\/lblaudit.com\/ca\/#\/schema\/logo\/image\/","url":"https:\/\/lblaudit.com\/wp-content\/uploads\/2025\/10\/cropped-LOGO-AUDIT_2024_DEFINITIU-e1760424892231.webp","contentUrl":"https:\/\/lblaudit.com\/wp-content\/uploads\/2025\/10\/cropped-LOGO-AUDIT_2024_DEFINITIU-e1760424892231.webp","width":436,"height":386,"caption":"LBL Audit"},"image":{"@id":"https:\/\/lblaudit.com\/ca\/#\/schema\/logo\/image\/"}}]}},"_links":{"self":[{"href":"https:\/\/lblaudit.com\/ca\/wp-json\/wp\/v2\/pages\/994","targetHints":{"allow":["GET"]}}],"collection":[{"href":"https:\/\/lblaudit.com\/ca\/wp-json\/wp\/v2\/pages"}],"about":[{"href":"https:\/\/lblaudit.com\/ca\/wp-json\/wp\/v2\/types\/page"}],"author":[{"embeddable":true,"href":"https:\/\/lblaudit.com\/ca\/wp-json\/wp\/v2\/users\/1"}],"replies":[{"embeddable":true,"href":"https:\/\/lblaudit.com\/ca\/wp-json\/wp\/v2\/comments?post=994"}],"version-history":[{"count":3,"href":"https:\/\/lblaudit.com\/ca\/wp-json\/wp\/v2\/pages\/994\/revisions"}],"predecessor-version":[{"id":1017,"href":"https:\/\/lblaudit.com\/ca\/wp-json\/wp\/v2\/pages\/994\/revisions\/1017"}],"wp:attachment":[{"href":"https:\/\/lblaudit.com\/ca\/wp-json\/wp\/v2\/media?parent=994"}],"curies":[{"name":"wp","href":"https:\/\/api.w.org\/{rel}","templated":true}]}}